{"id":2,"date":"2019-08-16T00:48:33","date_gmt":"2019-08-16T00:48:33","guid":{"rendered":"http:\/\/cabanaslarimar.cl\/web\/?page_id=2"},"modified":"2023-08-29T18:38:51","modified_gmt":"2023-08-29T18:38:51","slug":"condiciones-de-reserva","status":"publish","type":"page","link":"https:\/\/cabanaslarimar.cl\/web\/index.php\/condiciones-de-reserva\/","title":{"rendered":"Condiciones de Reserva"},"content":{"rendered":"<p>[vc_row][vc_column][vc_column_text]<\/p>\r\n<p style=\"text-align: justify;\">1.- Todo hu\u00e9sped debe solicitar con anticipaci\u00f3n la reserva de la caba\u00f1a llamando a los tel\u00e9fonos 976226190 o 993287553. Una vez verificado la disponibilidad debe depositar o transferir el MONTO TOTAL DE LA ESTADA (el m\u00ednimo de arriendo es de dos noches).<\/p>\r\n<p>[\/vc_column_text][vc_column_text]<\/p>\r\n<p>Para transferencias electr\u00f3nicas o dep\u00f3sitos se deben efectuar a la siguiente cuenta:<\/p>\r\n<p>[\/vc_column_text][vc_column_text]<\/p>\r\n<blockquote class=\"wp-block-quote\">\r\n<p>Banco Estado, chequera electr\u00f3nica, nro. 551-7-132532-2,a nombre de Sociedad de Inversiones del Sur Limitada, RUT 76.700.510-5, confirmaci\u00f3n a correo reservaslarimarcabanas@gmail.com y para mayor eficacia en su reserva copiar v\u00eda WhatsApp a uno los siguientes tel\u00e9fonos: + 56 976226190 o bien +56 993287553<\/p>\r\n<\/blockquote>\r\n<p>[\/vc_column_text][vc_column_text]<\/p>\r\n<p><span style=\"color: #ff0000;\"><strong>En caso de desistir del arriendo, el hu\u00e9sped debe informar con un m\u00ednimo de 72 horas de anticipaci\u00f3n para que el abono de su reserva sea devuelto. En caso de dar aviso pasadas las 72 horas, se retendr\u00e1 un 30% del total del pago efectuado.<\/strong><\/span><\/p>\r\n<p>[\/vc_column_text][vc_column_text]<\/p>\r\n<p><br \/>2.- El ingreso a la caba\u00f1a ( check in) ser\u00e1 a las 2 de la tarde, excepcionalmente y en forma muy justificada a criterio de la empresa, si existiere disponibilidad el check in podr\u00e1 ser en horas m\u00e1s temprano. El retiro de la caba\u00f1a (check out) ser\u00e1 a las 12 del d\u00eda.<\/p>\r\n<p>3.- El arriendo m\u00ednimo ser\u00e1 la cantidad de dos noches.<\/p>\r\n<p>4.- El pasajero (los) que el d\u00eda de su salida desocupe la caba\u00f1a despu\u00e9s de las 12:00 hrs., queda obligado al pago del precio del hospedaje de acuerdo a los siguientes criterios, solo si esa caba\u00f1a no estuviere arrendada para nuevos hu\u00e9spedes:<br \/>a.- En caso que el cliente deje la caba\u00f1a hasta las 16:00 hrs. deber\u00e1 pagar adicionalmente una cuarta parte de un d\u00eda de hospedaje.<br \/>b.- Si el cliente deja la habitaci\u00f3n despu\u00e9s de las 16:00 hrs. deber\u00e1 pagar adicionalmente el d\u00eda completo de estad\u00eda.<\/p>\r\n<p>5.- Antes del check out, con entrega de las llaves y dando aviso para hacer recepci\u00f3n de la caba\u00f1a, se revisar\u00e1 esta, si nada faltare se proceder\u00e1 a la devoluci\u00f3n o cancelaci\u00f3n del voucher de garant\u00eda contra tarjeta de cr\u00e9dito, si faltaren o se hubieren destruido o deteriorado alg\u00fan bien mueble de la caba\u00f1a o ella en si misma se descontar\u00e1 de la garant\u00eda. De no haberse dejado garant\u00eda se deber\u00e1 pagar lo destruido o deteriorado.<\/p>\r\n<p><strong>MODO DE INGRESO A LAS INSTALACIONES<\/strong><\/p>\r\n<p>Una vez comprobado el pago por la estada, la empresa le enviar\u00e1 un correo electr\u00f3nico donde ir\u00e1n los datos de georeferencia para llegar a ellas. Se le enviar\u00e1 adem\u00e1s el n\u00famero telef\u00f3nico al cual deber\u00e1 llamar para abrir el port\u00f3n el\u00e9ctrico de acceso a nuestras instalaciones. Junto a la puerta de la caba\u00f1a encontrar\u00e1 una peque\u00f1a caja fuerte, se le enviar\u00e1 en ese mismo correo la clave de la caja para que pueda digitarla y dentro de ella encontrar\u00e1 la llave que permite el acceso a la caba\u00f1a y un control remoto pegado en la caja (favor no lo desprenda) y pueda desactivar la alarma (candado abierto).<\/p>\r\n<p>Le rogamos que por nuestra y vuestra seguridad de sus bienes cada vez que salga deje la caba\u00f1a con alarma.<\/p>\r\n<p>[\/vc_column_text][\/vc_column][\/vc_row]<\/p>","protected":false},"excerpt":{"rendered":"<p>[vc_row][vc_column][vc_column_text] 1.- Todo hu\u00e9sped debe solicitar con anticipaci\u00f3n la reserva de la caba\u00f1a llamando a los tel\u00e9fonos 976226190 o 993287553. Una vez verificado la disponibilidad debe depositar o transferir el MONTO TOTAL DE LA ESTADA (el m\u00ednimo de arriendo es de dos noches). [\/vc_column_text][vc_column_text] Para transferencias electr\u00f3nicas o dep\u00f3sitos se deben efectuar a la siguiente [&hellip;]<\/p>\n","protected":false},"author":1,"featured_media":0,"parent":0,"menu_order":0,"comment_status":"closed","ping_status":"open","template":"","meta":{"footnotes":""},"class_list":["post-2","page","type-page","status-publish","hentry"],"_links":{"self":[{"href":"https:\/\/cabanaslarimar.cl\/web\/index.php\/wp-json\/wp\/v2\/pages\/2","targetHints":{"allow":["GET"]}}],"collection":[{"href":"https:\/\/cabanaslarimar.cl\/web\/index.php\/wp-json\/wp\/v2\/pages"}],"about":[{"href":"https:\/\/cabanaslarimar.cl\/web\/index.php\/wp-json\/wp\/v2\/types\/page"}],"author":[{"embeddable":true,"href":"https:\/\/cabanaslarimar.cl\/web\/index.php\/wp-json\/wp\/v2\/users\/1"}],"replies":[{"embeddable":true,"href":"https:\/\/cabanaslarimar.cl\/web\/index.php\/wp-json\/wp\/v2\/comments?post=2"}],"version-history":[{"count":24,"href":"https:\/\/cabanaslarimar.cl\/web\/index.php\/wp-json\/wp\/v2\/pages\/2\/revisions"}],"predecessor-version":[{"id":1574,"href":"https:\/\/cabanaslarimar.cl\/web\/index.php\/wp-json\/wp\/v2\/pages\/2\/revisions\/1574"}],"wp:attachment":[{"href":"https:\/\/cabanaslarimar.cl\/web\/index.php\/wp-json\/wp\/v2\/media?parent=2"}],"curies":[{"name":"wp","href":"https:\/\/api.w.org\/{rel}","templated":true}]}}